{"id":19,"date":"2020-09-14T11:27:53","date_gmt":"2020-09-14T11:27:53","guid":{"rendered":"https:\/\/avadawebsites.wpengine.com\/business-coach\/?page_id=19"},"modified":"2025-03-21T12:29:02","modified_gmt":"2025-03-21T12:29:02","slug":"atividades-2","status":"publish","type":"page","link":"https:\/\/incommerce.pt\/","title":{"rendered":"Incubadora de neg\u00f3cios digitais"},"content":{"rendered":"<p><div class=\"fusion-fullwidth fullwidth-box fusion-builder-row-1 fusion-flex-container has-pattern-background has-mask-background nonhundred-percent-fullwidth non-hundred-percent-height-scrolling\" style=\"--awb-border-radius-top-left:0px;--awb-border-radius-top-right:0px;--awb-border-radius-bottom-right:0px;--awb-border-radius-bottom-left:0px;--awb-padding-top:25px;--awb-padding-bottom:40px;--awb-margin-top:0px;--awb-flex-wrap:wrap;\" ><div class=\"fusion-builder-row fusion-row fusion-flex-align-items-flex-start fusion-flex-content-wrap\" style=\"max-width:calc( 1260px + );margin-left: calc(- \/ 2 );margin-right: calc(- \/ 2 );\"><div class=\"fusion-layout-column fusion_builder_column fusion-builder-column-0 fusion_builder_column_1_2 1_2 fusion-flex-column\" style=\"--awb-bg-size:cover;--awb-width-large:50%;--awb-margin-top-large:0px;--awb-margin-bottom-large:20px;--awb-width-medium:50%;--awb-order-medium:0;--awb-width-small:100%;--awb-order-small:0;\"><div class=\"fusion-column-wrapper fusion-column-has-shadow fusion-flex-justify-content-flex-start fusion-content-layout-column\"><div class=\"fusion-text fusion-text-1\"><h4 class=\"fusion-responsive-typography-calculated\" style=\"text-align: left; font-size: 25px; line-height: 1.16; --fontsize: 25;\" data-fusion-font=\"true\" data-fontsize=\"25\" data-lineheight=\"29px\">Incubadora de neg\u00f3cios digitais focada no sucesso do e-commerce. Disponibilizamos apoio completo, incluindo mentoria especializada, forma\u00e7\u00e3o pr\u00e1tica, acesso a financiamento, espa\u00e7o de coworking e acesso a uma rede de parceiros estrat\u00e9gicos.<\/h4>\n<h4 class=\"fusion-responsive-typography-calculated\" style=\"text-align: left; font-size: 25px; line-height: 1.16; --fontsize: 25;\" data-fusion-font=\"true\" data-fontsize=\"25\" data-lineheight=\"29px\">Ajudamos empreendedores a lan\u00e7ar, desenvolver e impulsionar os seus neg\u00f3cios de com\u00e9rcio eletr\u00f3nico, oferecendo recursos e oportunidades que fazem a diferen\u00e7a.<\/h4>\n<\/div><\/div><\/div><div class=\"fusion-layout-column fusion_builder_column fusion-builder-column-1 fusion_builder_column_1_2 1_2 fusion-flex-column\" style=\"--awb-bg-size:cover;--awb-width-large:50%;--awb-margin-top-large:38px;--awb-margin-bottom-large:20px;--awb-width-medium:50%;--awb-order-medium:0;--awb-width-small:100%;--awb-order-small:0;\"><div class=\"fusion-column-wrapper fusion-column-has-shadow fusion-flex-justify-content-flex-start fusion-content-layout-column\"><div class=\"awb-circles-info icons-on-outer-circle has-bg-color has-bg-gradient gradient-type-linear\" style=\"--awb-max-width:350px;--awb-icon-circle-color:var(--awb-color6);--awb-icon-circle-size:8px;--awb-content-circle-color:var(--awb-color4);--awb-content-circle-size:20px;--awb-content-padding:6px;--awb-icon-size:35px;--awb-icon-bg-color:var(--awb-color6);--awb-icon-bg-active-color:var(--awb-color4);--awb-title-font-size:36px;--awb-title-letter-spacing:var(--awb-typography1-letter-spacing);--awb-title-color:var(--awb-color6);--awb-title-hover-color:var(--awb-color6);--awb-content-font-size:var(--awb-typography4-font-size);--awb-content-line-height:var(--awb-typography4-line-height);--awb-content-letter-spacing:var(--awb-typography4-letter-spacing);--awb-content-color:#212934;--awb-background-color:#ffffff;--awb-gradient-start-color:var(--awb-color1);--awb-gradient-end-color:var(--awb-color1);--awb-gradient-start-position:0%;--awb-gradient-end-position:100%;--awb-linear-angle:180deg;--awb-radial-direction:circle at center center;--awb-background-position:center center;--awb-content-text-transform:var(--awb-typography4-text-transform);--awb-title-text-transform:var(--awb-typography1-text-transform);--awb-title-line-height:var(--awb-typography1-line-height);--awb-content-circle-border-style:dashed;--awb-icon-circle-border-style:double;--awb-title-font-family:var(--awb-typography1-font-family);--awb-title-font-weight:var(--awb-typography1-font-weight);--awb-title-font-style:var(--awb-typography1-font-style);--awb-content-font-family:var(--awb-typography4-font-family);--awb-content-font-weight:var(--awb-typography4-font-weight);--awb-content-font-style:var(--awb-typography4-font-style);\" data-auto-rotation=\"yes\" data-auto-rotation-time=\"4000\" data-pause-on-hover=\"no\" data-activation-type=\"mouseover\"><div class=\"awb-circles-info-wrapper\"><div class=\"awb-circles-info-icons-wrapper\"><div class=\"awb-circles-info-tab-link\" data-id=\"1\"><span><i class=\"fa-info-circle fas\"><\/i><\/span><\/div><div class=\"awb-circles-info-tab-link\" data-id=\"2\"><span><i class=\"fa-chalkboard-teacher fas\"><\/i><\/span><\/div><div class=\"awb-circles-info-tab-link\" data-id=\"3\"><span><i class=\"fa-hands-helping fas\"><\/i><\/span><\/div><div class=\"awb-circles-info-tab-link\" data-id=\"4\"><span><i class=\"fa-people-arrows fas\"><\/i><\/span><\/div><div class=\"awb-circles-info-tab-link\" data-id=\"5\"><span><i class=\"fa-laptop-house fas\"><\/i><\/span><\/div><div class=\"awb-circles-info-tab-link\" data-id=\"6\"><span><i class=\"fa-globe fas\"><\/i><\/span><\/div><\/div><div class=\"awb-circles-info-content-wrapper\"><div class=\"awb-circle-info awb-circles-info-content-area awb-circle-info-1\" data-id=\"1\"><div class=\"awb-circles-info-title\"><a href=\"#\" target=\"_blank\">Informa\u00e7\u00e3o<\/a><\/div><div class=\"awb-circles-info-text\">Tend\u00eancias de pesquisa e compra nos mercados e marketplaces internacionais, generalistas e especializados<\/div><\/div><div class=\"awb-circle-info awb-circles-info-content-area awb-circle-info-2\" data-id=\"2\"><div class=\"awb-circles-info-title\"><a href=\"#\" target=\"_blank\">Capacita\u00e7\u00e3o<\/a><\/div><div class=\"awb-circles-info-text\">Avalia\u00e7\u00e3o de presen\u00e7a digital e otimiza\u00e7\u00e3o de performance online<\/div><\/div><div class=\"awb-circle-info awb-circles-info-content-area awb-circle-info-3\" data-id=\"3\"><div class=\"awb-circles-info-title\"><a href=\"#\" target=\"_blank\">Apoio<\/a><\/div><div class=\"awb-circles-info-text\">Capta\u00e7\u00e3o de financiamento para expans\u00e3o dos modelos de neg\u00f3cio digitais\n<\/div><\/div><div class=\"awb-circle-info awb-circles-info-content-area awb-circle-info-4\" data-id=\"4\"><div class=\"awb-circles-info-title\"><a href=\"#\" target=\"_blank\">Mentoria<\/a><\/div><div class=\"awb-circles-info-text\">Acompanhamento dos projetos incubados por uma equipa de mentores diversificada<\/div><\/div><div class=\"awb-circle-info awb-circles-info-content-area awb-circle-info-5\" data-id=\"5\"><div class=\"awb-circles-info-title\"><a href=\"#\" target=\"_blank\">Cowork<\/a><\/div><div class=\"awb-circles-info-text\">Acesso a espa\u00e7os de trabalho partilhado modernos e flex\u00edveis, para potenciar a produtividade<\/div><\/div><div class=\"awb-circle-info awb-circles-info-content-area awb-circle-info-6\" data-id=\"6\"><div class=\"awb-circles-info-title\"><a href=\"#\" target=\"_blank\">Networking<\/a><\/div><div class=\"awb-circles-info-text\">Promo\u00e7\u00e3o de oportunidades para ampliar redes e explorar novas parcerias de neg\u00f3cio<\/div><\/div><\/div><\/div><\/div><\/div><\/div><\/div><\/div><div class=\"fusion-fullwidth fullwidth-box fusion-builder-row-2 fusion-flex-container has-pattern-background has-mask-background nonhundred-percent-fullwidth non-hundred-percent-height-scrolling\" style=\"--awb-border-radius-top-left:0px;--awb-border-radius-top-right:0px;--awb-border-radius-bottom-right:0px;--awb-border-radius-bottom-left:0px;--awb-padding-top:0px;--awb-padding-bottom:13px;--awb-flex-wrap:wrap;\" ><div class=\"fusion-builder-row fusion-row fusion-flex-align-items-flex-start fusion-flex-content-wrap\" style=\"max-width:calc( 1260px + );margin-left: calc(- \/ 2 );margin-right: calc(- \/ 2 );\"><div class=\"fusion-layout-column fusion_builder_column fusion-builder-column-2 fusion_builder_column_1_3 1_3 fusion-flex-column fusion-flex-align-self-flex-start\" style=\"--awb-bg-size:cover;--awb-width-large:33.333333333333%;--awb-margin-top-large:40px;--awb-margin-bottom-large:20px;--awb-width-medium:33.333333333333%;--awb-order-medium:0;--awb-width-small:100%;--awb-order-small:0;\"><div class=\"fusion-column-wrapper fusion-column-has-shadow fusion-flex-justify-content-flex-start fusion-content-layout-column\"><div class=\"fusion-image-element \" style=\"--awb-caption-title-font-family:var(--h2_typography-font-family);--awb-caption-title-font-weight:var(--h2_typography-font-weight);--awb-caption-title-font-style:var(--h2_typography-font-style);--awb-caption-title-size:var(--h2_typography-font-size);--awb-caption-title-transform:var(--h2_typography-text-transform);--awb-caption-title-line-height:var(--h2_typography-line-height);--awb-caption-title-letter-spacing:var(--h2_typography-letter-spacing);\"><span class=\" fusion-imageframe imageframe-none imageframe-1 hover-type-none\"><img decoding=\"async\" width=\"300\" height=\"300\" title=\"Good team-pana\" src=\"https:\/\/incommerce.pt\/wp-content\/uploads\/2024\/11\/Good-team-pana.png\" data-orig-src=\"https:\/\/incommerce.pt\/wp-content\/uploads\/2024\/11\/Good-team-pana-300x300.png\" alt class=\"lazyload img-responsive wp-image-994\" srcset=\"data:image\/svg+xml,%3Csvg%20xmlns%3D%27http%3A%2F%2Fwww.w3.org%2F2000%2Fsvg%27%20width%3D%272000%27%20height%3D%272000%27%20viewBox%3D%270%200%202000%202000%27%3E%3Crect%20width%3D%272000%27%20height%3D%272000%27%20fill-opacity%3D%220%22%2F%3E%3C%2Fsvg%3E\" data-srcset=\"https:\/\/incommerce.pt\/wp-content\/uploads\/2024\/11\/Good-team-pana-200x200.png 200w, https:\/\/incommerce.pt\/wp-content\/uploads\/2024\/11\/Good-team-pana-400x400.png 400w, https:\/\/incommerce.pt\/wp-content\/uploads\/2024\/11\/Good-team-pana-600x600.png 600w, https:\/\/incommerce.pt\/wp-content\/uploads\/2024\/11\/Good-team-pana-800x800.png 800w, https:\/\/incommerce.pt\/wp-content\/uploads\/2024\/11\/Good-team-pana-1200x1200.png 1200w\" data-sizes=\"auto\" data-orig-sizes=\"(max-width: 640px) 100vw, 600px\" \/><\/span><\/div><\/div><\/div><div class=\"fusion-layout-column fusion_builder_column fusion-builder-column-3 fusion_builder_column_2_3 2_3 fusion-flex-column fusion-flex-align-self-flex-start\" style=\"--awb-bg-size:cover;--awb-width-large:66.666666666667%;--awb-margin-top-large:65px;--awb-margin-bottom-large:20px;--awb-width-medium:66.666666666667%;--awb-order-medium:0;--awb-width-small:100%;--awb-order-small:0;\"><div class=\"fusion-column-wrapper fusion-column-has-shadow fusion-flex-justify-content-flex-start fusion-content-layout-column\"><div class=\"fusion-text fusion-text-2\"><h3 class=\"fusion-responsive-typography-calculated\" style=\"text-align: left; --fontsize: 32; line-height: 1.16;\" data-fontsize=\"32\" data-lineheight=\"37.12px\">O e-commerce \u00e9 uma ferramenta poderosa para o r\u00e1pido crescimento dos neg\u00f3cios, permitindo \u00e0s empresas alcan\u00e7ar novos mercados, crescer rapidamente e implementar novas tecnologias de forma consistente e cont\u00ednua.<\/h3>\n<\/div><\/div><\/div><\/div><\/div><div class=\"fusion-fullwidth fullwidth-box fusion-builder-row-3 fusion-flex-container has-pattern-background has-mask-background nonhundred-percent-fullwidth non-hundred-percent-height-scrolling\" style=\"--awb-border-radius-top-left:0px;--awb-border-radius-top-right:0px;--awb-border-radius-bottom-right:0px;--awb-border-radius-bottom-left:0px;--awb-padding-top:33px;--awb-flex-wrap:wrap;\" ><div class=\"fusion-builder-row fusion-row fusion-flex-align-items-stretch fusion-flex-justify-content-space-evenly fusion-flex-content-wrap\" style=\"max-width:calc( 1260px + );margin-left: calc(- \/ 2 );margin-right: calc(- \/ 2 );\"><div class=\"fusion-layout-column fusion_builder_column fusion-builder-column-4 fusion_builder_column_1_1 1_1 fusion-flex-column\" style=\"--awb-bg-size:cover;--awb-width-large:100%;--awb-margin-top-large:0px;--awb-margin-bottom-large:20px;--awb-width-medium:100%;--awb-order-medium:0;--awb-width-small:100%;--awb-order-small:0;\"><div class=\"fusion-column-wrapper fusion-column-has-shadow fusion-flex-justify-content-flex-start fusion-content-layout-column\"><div class=\"fusion-title title fusion-title-1 fusion-sep-none fusion-title-text fusion-title-size-one\" style=\"--awb-text-color:var(--awb-color5);\"><h1 class=\"fusion-title-heading title-heading-left fusion-responsive-typography-calculated\" style=\"margin:0;--fontSize:54;line-height:var(--awb-typography1-line-height);\">a nossa equipa<\/h1><\/div><div class=\"fusion-content-boxes content-boxes columns row fusion-columns-4 fusion-columns-total-3 fusion-content-boxes-1 content-boxes-timeline-horizontal content-left content-boxes-icon-on-top content-boxes-timeline-layout has-flex-alignment fusion-delayed-animation\" style=\"--awb-backgroundcolor:#f9f9f9;--awb-alignment:stretch;--awb-body-color:var(--awb-color7);--awb-title-color:var(--awb-color8);--awb-iconcolor:var(--awb-color1);--awb-margin-bottom:0px;--awb-hover-accent-color:var(--awb-color8);--awb-circle-hover-accent-color:transparent;\" data-animation-delay=\"350\" data-animationOffset=\"top-into-view\"><div style=\"--awb-backgroundcolor:#f9f9f9;--awb-iconcolor:var(--awb-color1);\" class=\"fusion-column content-box-column content-box-column content-box-column-1 col-lg-3 col-md-3 col-sm-3 fusion-content-box-hover content-box-column-first-in-row\"><div class=\"col content-box-wrapper content-wrapper-background link-area-link-icon link-type-text icon-hover-animation-slide fusion-animated\" data-animationType=\"fadeIn\" data-animationDuration=\"0.25\" data-animationOffset=\"top-into-view\"><div class=\"heading heading-with-icon icon-left\"><a class=\"heading-link\" href=\"https:\/\/www.linkedin.com\/in\/paulopereiraportugal\/\" target=\"_self\"><div aria-hidden=\"true\" class=\"image\"><img decoding=\"async\" class=\"lazyload\" src=\"data:image\/svg+xml,%3Csvg%20xmlns%3D%27http%3A%2F%2Fwww.w3.org%2F2000%2Fsvg%27%20width%3D%27542%27%20height%3D%27542%27%20viewBox%3D%270%200%20542%20542%27%3E%3Crect%20width%3D%27542%27%20height%3D%27542%27%20fill-opacity%3D%220%22%2F%3E%3C%2Fsvg%3E\" data-orig-src=\"https:\/\/incommerce.pt\/wp-content\/uploads\/2024\/11\/PP-300x300.jpeg\" width=\"100\" height=\"100\" alt=\"\" \/><\/div><h3 class=\"content-box-heading fusion-responsive-typography-calculated\" style=\"--h3_typography-font-size:22px;--fontSize:22;line-height:var(--awb-typography1-line-height);\">Paulo Pereira<\/h3><\/a><\/div><div class=\"fusion-clearfix\"><\/div><div class=\"content-container\">Fundador e CEO da Neomarca, empreededor e gestor com mais de 20 anos de experi\u00eancia em gest\u00e3o e operacionaliza\u00e7\u00e3o de neg\u00f3cios de diferentes sectores.<\/div><div class=\"fusion-clearfix\"><\/div><a class=\" fusion-read-more\" href=\"https:\/\/www.linkedin.com\/in\/paulopereiraportugal\/\" target=\"_self\">LinkedIn<\/a><div class=\"fusion-clearfix\"><\/div><\/div><\/div><div style=\"--awb-backgroundcolor:#f9f9f9;--awb-iconcolor:var(--awb-color1);\" class=\"fusion-column content-box-column content-box-column content-box-column-2 col-lg-3 col-md-3 col-sm-3 fusion-content-box-hover \"><div class=\"col content-box-wrapper content-wrapper-background link-area-link-icon link-type-text icon-hover-animation-slide fusion-animated\" data-animationType=\"fadeIn\" data-animationDuration=\"0.25\" data-animationOffset=\"top-into-view\"><div class=\"heading heading-with-icon icon-left\"><a class=\"heading-link\" href=\"https:\/\/www.linkedin.com\/in\/dariommv\/\" target=\"_blank\" rel=\"noopener noreferrer\"><div aria-hidden=\"true\" class=\"image\"><img decoding=\"async\" class=\"lazyload\" src=\"data:image\/svg+xml,%3Csvg%20xmlns%3D%27http%3A%2F%2Fwww.w3.org%2F2000%2Fsvg%27%20width%3D%27800%27%20height%3D%27800%27%20viewBox%3D%270%200%20800%20800%27%3E%3Crect%20width%3D%27800%27%20height%3D%27800%27%20fill-opacity%3D%220%22%2F%3E%3C%2Fsvg%3E\" data-orig-src=\"https:\/\/incommerce.pt\/wp-content\/uploads\/2024\/11\/dv-300x300.jpeg\" width=\"100\" height=\"100\" alt=\"\" \/><\/div><h3 class=\"content-box-heading fusion-responsive-typography-calculated\" style=\"--h3_typography-font-size:22px;--fontSize:22;line-height:var(--awb-typography1-line-height);\">D\u00e1rio Viegas<\/h3><\/a><\/div><div class=\"fusion-clearfix\"><\/div><div class=\"content-container\">Business Developer na Neomarca, mais de 15 anos de experi\u00eancia no apoio ao desenvolvimento e consolida\u00e7\u00e3o de modelos de neg\u00f3cio de startups de diferentes \u00e2mbitos.<\/div><div class=\"fusion-clearfix\"><\/div><a class=\" fusion-read-more\" href=\"https:\/\/www.linkedin.com\/in\/dariommv\/\" target=\"_blank\" rel=\"noopener noreferrer\">LinkedIn<\/a><div class=\"fusion-clearfix\"><\/div><\/div><\/div><div style=\"--awb-backgroundcolor:#f9f9f9;--awb-iconcolor:var(--awb-color1);\" class=\"fusion-column content-box-column content-box-column content-box-column-3 col-lg-3 col-md-3 col-sm-3 fusion-content-box-hover content-box-column-last\"><div class=\"col content-box-wrapper content-wrapper-background link-area-link-icon link-type-text icon-hover-animation-slide fusion-animated\" data-animationType=\"fadeIn\" data-animationDuration=\"0.25\" data-animationOffset=\"top-into-view\"><div class=\"heading heading-with-icon icon-left\"><a class=\"heading-link\" href=\"https:\/\/www.linkedin.com\/in\/irina-makohin\/\" target=\"_blank\" rel=\"noopener noreferrer\"><div aria-hidden=\"true\" class=\"image\"><img decoding=\"async\" class=\"lazyload\" src=\"data:image\/svg+xml,%3Csvg%20xmlns%3D%27http%3A%2F%2Fwww.w3.org%2F2000%2Fsvg%27%20width%3D%27512%27%20height%3D%27512%27%20viewBox%3D%270%200%20512%20512%27%3E%3Crect%20width%3D%27512%27%20height%3D%27512%27%20fill-opacity%3D%220%22%2F%3E%3C%2Fsvg%3E\" data-orig-src=\"https:\/\/incommerce.pt\/wp-content\/uploads\/2024\/12\/irina-300x300.jpg\" width=\"100\" height=\"100\" alt=\"\" \/><\/div><h3 class=\"content-box-heading fusion-responsive-typography-calculated\" style=\"--h3_typography-font-size:22px;--fontSize:22;line-height:var(--awb-typography1-line-height);\">Iryna Makohin<\/h3><\/a><\/div><div class=\"fusion-clearfix\"><\/div><div class=\"content-container\">\n<p>Gestora de projetos de investimento e e-commerce, com mais de 5 anos de experi\u00eancia no desenvolvimento de projetos e planeamento de marketing.<\/p>\n<\/div><div class=\"fusion-clearfix\"><\/div><a class=\" fusion-read-more\" href=\"https:\/\/www.linkedin.com\/in\/irina-makohin\/\" target=\"_blank\" rel=\"noopener noreferrer\">LinkedIn<\/a><div class=\"fusion-clearfix\"><\/div><\/div><\/div><div class=\"fusion-clearfix\"><\/div><\/div><\/div><\/div><\/div><\/div><\/p>\n","protected":false},"excerpt":{"rendered":"","protected":false},"author":1,"featured_media":0,"parent":0,"menu_order":0,"comment_status":"closed","ping_status":"closed","template":"100-width.php","meta":{"footnotes":""},"class_list":["post-19","page","type-page","status-publish","hentry"],"yoast_head":"<!-- This site is optimized with the Yoast SEO plugin v25.2 - https:\/\/yoast.com\/wordpress\/plugins\/seo\/ -->\n<title>Incubadora de neg\u00f3cios digitais - Solu\u00e7\u00f5es de E-Commerce - In-Commerce<\/title>\n<meta name=\"description\" content=\"A sua plataforma especializada em solu\u00e7\u00f5es de e-commerce, oferecendo servi\u00e7os que ajudam empresas a criar, gerenciar e expandir as suas lojas online. Otimiza\u00e7\u00e3o de vendas e integra\u00e7\u00e3o com diferentes sistemas de pagamento e log\u00edstica.\" \/>\n<meta name=\"robots\" content=\"index, follow, max-snippet:-1, max-image-preview:large, max-video-preview:-1\" \/>\n<link rel=\"canonical\" href=\"https:\/\/incommerce.pt\/\" \/>\n<meta property=\"og:locale\" content=\"pt_PT\" \/>\n<meta property=\"og:type\" content=\"article\" \/>\n<meta property=\"og:title\" content=\"Incubadora de neg\u00f3cios digitais - Solu\u00e7\u00f5es de E-Commerce - In-Commerce\" \/>\n<meta property=\"og:description\" content=\"A sua plataforma especializada em solu\u00e7\u00f5es de e-commerce, oferecendo servi\u00e7os que ajudam empresas a criar, gerenciar e expandir as suas lojas online. Otimiza\u00e7\u00e3o de vendas e integra\u00e7\u00e3o com diferentes sistemas de pagamento e log\u00edstica.\" \/>\n<meta property=\"og:url\" content=\"https:\/\/incommerce.pt\/\" \/>\n<meta property=\"og:site_name\" content=\"In-Commerce\" \/>\n<meta property=\"article:modified_time\" content=\"2025-03-21T12:29:02+00:00\" \/>\n<meta name=\"twitter:card\" content=\"summary_large_image\" \/>\n<meta name=\"twitter:label1\" content=\"Tempo estimado de leitura\" \/>\n\t<meta name=\"twitter:data1\" content=\"3 minutos\" \/>\n<script type=\"application\/ld+json\" class=\"yoast-schema-graph\">{\"@context\":\"https:\/\/schema.org\",\"@graph\":[{\"@type\":\"WebPage\",\"@id\":\"https:\/\/incommerce.pt\/\",\"url\":\"https:\/\/incommerce.pt\/\",\"name\":\"Incubadora de neg\u00f3cios digitais - Solu\u00e7\u00f5es de E-Commerce - In-Commerce\",\"isPartOf\":{\"@id\":\"https:\/\/incommerce.pt\/#website\"},\"datePublished\":\"2020-09-14T11:27:53+00:00\",\"dateModified\":\"2025-03-21T12:29:02+00:00\",\"description\":\"A sua plataforma especializada em solu\u00e7\u00f5es de e-commerce, oferecendo servi\u00e7os que ajudam empresas a criar, gerenciar e expandir as suas lojas online. Otimiza\u00e7\u00e3o de vendas e integra\u00e7\u00e3o com diferentes sistemas de pagamento e log\u00edstica.\",\"breadcrumb\":{\"@id\":\"https:\/\/incommerce.pt\/#breadcrumb\"},\"inLanguage\":\"pt-PT\",\"potentialAction\":[{\"@type\":\"ReadAction\",\"target\":[\"https:\/\/incommerce.pt\/\"]}]},{\"@type\":\"BreadcrumbList\",\"@id\":\"https:\/\/incommerce.pt\/#breadcrumb\",\"itemListElement\":[{\"@type\":\"ListItem\",\"position\":1,\"name\":\"In\u00edcio\",\"item\":\"https:\/\/incommerce.pt\/\"},{\"@type\":\"ListItem\",\"position\":2,\"name\":\"Incubadora de neg\u00f3cios digitais\"}]},{\"@type\":\"WebSite\",\"@id\":\"https:\/\/incommerce.pt\/#website\",\"url\":\"https:\/\/incommerce.pt\/\",\"name\":\"In-Commerce\",\"description\":\"\",\"publisher\":{\"@id\":\"https:\/\/incommerce.pt\/#organization\"},\"potentialAction\":[{\"@type\":\"SearchAction\",\"target\":{\"@type\":\"EntryPoint\",\"urlTemplate\":\"https:\/\/incommerce.pt\/?s={search_term_string}\"},\"query-input\":{\"@type\":\"PropertyValueSpecification\",\"valueRequired\":true,\"valueName\":\"search_term_string\"}}],\"inLanguage\":\"pt-PT\"},{\"@type\":\"Organization\",\"@id\":\"https:\/\/incommerce.pt\/#organization\",\"name\":\"In-Commerce\",\"url\":\"https:\/\/incommerce.pt\/\",\"logo\":{\"@type\":\"ImageObject\",\"inLanguage\":\"pt-PT\",\"@id\":\"https:\/\/incommerce.pt\/#\/schema\/logo\/image\/\",\"url\":\"https:\/\/incommerce.pt\/wp-content\/uploads\/2024\/10\/incommerce_lg.png\",\"contentUrl\":\"https:\/\/incommerce.pt\/wp-content\/uploads\/2024\/10\/incommerce_lg.png\",\"width\":553,\"height\":94,\"caption\":\"In-Commerce\"},\"image\":{\"@id\":\"https:\/\/incommerce.pt\/#\/schema\/logo\/image\/\"}}]}<\/script>\n<!-- \/ Yoast SEO plugin. -->","yoast_head_json":{"title":"Incubadora de neg\u00f3cios digitais - Solu\u00e7\u00f5es de E-Commerce - In-Commerce","description":"A sua plataforma especializada em solu\u00e7\u00f5es de e-commerce, oferecendo servi\u00e7os que ajudam empresas a criar, gerenciar e expandir as suas lojas online. Otimiza\u00e7\u00e3o de vendas e integra\u00e7\u00e3o com diferentes sistemas de pagamento e log\u00edstica.","robots":{"index":"index","follow":"follow","max-snippet":"max-snippet:-1","max-image-preview":"max-image-preview:large","max-video-preview":"max-video-preview:-1"},"canonical":"https:\/\/incommerce.pt\/","og_locale":"pt_PT","og_type":"article","og_title":"Incubadora de neg\u00f3cios digitais - Solu\u00e7\u00f5es de E-Commerce - In-Commerce","og_description":"A sua plataforma especializada em solu\u00e7\u00f5es de e-commerce, oferecendo servi\u00e7os que ajudam empresas a criar, gerenciar e expandir as suas lojas online. Otimiza\u00e7\u00e3o de vendas e integra\u00e7\u00e3o com diferentes sistemas de pagamento e log\u00edstica.","og_url":"https:\/\/incommerce.pt\/","og_site_name":"In-Commerce","article_modified_time":"2025-03-21T12:29:02+00:00","twitter_card":"summary_large_image","twitter_misc":{"Tempo estimado de leitura":"3 minutos"},"schema":{"@context":"https:\/\/schema.org","@graph":[{"@type":"WebPage","@id":"https:\/\/incommerce.pt\/","url":"https:\/\/incommerce.pt\/","name":"Incubadora de neg\u00f3cios digitais - Solu\u00e7\u00f5es de E-Commerce - In-Commerce","isPartOf":{"@id":"https:\/\/incommerce.pt\/#website"},"datePublished":"2020-09-14T11:27:53+00:00","dateModified":"2025-03-21T12:29:02+00:00","description":"A sua plataforma especializada em solu\u00e7\u00f5es de e-commerce, oferecendo servi\u00e7os que ajudam empresas a criar, gerenciar e expandir as suas lojas online. Otimiza\u00e7\u00e3o de vendas e integra\u00e7\u00e3o com diferentes sistemas de pagamento e log\u00edstica.","breadcrumb":{"@id":"https:\/\/incommerce.pt\/#breadcrumb"},"inLanguage":"pt-PT","potentialAction":[{"@type":"ReadAction","target":["https:\/\/incommerce.pt\/"]}]},{"@type":"BreadcrumbList","@id":"https:\/\/incommerce.pt\/#breadcrumb","itemListElement":[{"@type":"ListItem","position":1,"name":"In\u00edcio","item":"https:\/\/incommerce.pt\/"},{"@type":"ListItem","position":2,"name":"Incubadora de neg\u00f3cios digitais"}]},{"@type":"WebSite","@id":"https:\/\/incommerce.pt\/#website","url":"https:\/\/incommerce.pt\/","name":"In-Commerce","description":"","publisher":{"@id":"https:\/\/incommerce.pt\/#organization"},"potentialAction":[{"@type":"SearchAction","target":{"@type":"EntryPoint","urlTemplate":"https:\/\/incommerce.pt\/?s={search_term_string}"},"query-input":{"@type":"PropertyValueSpecification","valueRequired":true,"valueName":"search_term_string"}}],"inLanguage":"pt-PT"},{"@type":"Organization","@id":"https:\/\/incommerce.pt\/#organization","name":"In-Commerce","url":"https:\/\/incommerce.pt\/","logo":{"@type":"ImageObject","inLanguage":"pt-PT","@id":"https:\/\/incommerce.pt\/#\/schema\/logo\/image\/","url":"https:\/\/incommerce.pt\/wp-content\/uploads\/2024\/10\/incommerce_lg.png","contentUrl":"https:\/\/incommerce.pt\/wp-content\/uploads\/2024\/10\/incommerce_lg.png","width":553,"height":94,"caption":"In-Commerce"},"image":{"@id":"https:\/\/incommerce.pt\/#\/schema\/logo\/image\/"}}]}},"_links":{"self":[{"href":"https:\/\/incommerce.pt\/index.php\/wp-json\/wp\/v2\/pages\/19","targetHints":{"allow":["GET"]}}],"collection":[{"href":"https:\/\/incommerce.pt\/index.php\/wp-json\/wp\/v2\/pages"}],"about":[{"href":"https:\/\/incommerce.pt\/index.php\/wp-json\/wp\/v2\/types\/page"}],"author":[{"embeddable":true,"href":"https:\/\/incommerce.pt\/index.php\/wp-json\/wp\/v2\/users\/1"}],"replies":[{"embeddable":true,"href":"https:\/\/incommerce.pt\/index.php\/wp-json\/wp\/v2\/comments?post=19"}],"version-history":[{"count":128,"href":"https:\/\/incommerce.pt\/index.php\/wp-json\/wp\/v2\/pages\/19\/revisions"}],"predecessor-version":[{"id":1990,"href":"https:\/\/incommerce.pt\/index.php\/wp-json\/wp\/v2\/pages\/19\/revisions\/1990"}],"wp:attachment":[{"href":"https:\/\/incommerce.pt\/index.php\/wp-json\/wp\/v2\/media?parent=19"}],"curies":[{"name":"wp","href":"https:\/\/api.w.org\/{rel}","templated":true}]}}